{"id":340,"date":"2018-05-23T19:08:47","date_gmt":"2018-05-23T17:08:47","guid":{"rendered":"http:\/\/www.medim.si\/?page_id=340"},"modified":"2026-01-31T20:43:23","modified_gmt":"2026-01-31T19:43:23","slug":"o-nas","status":"publish","type":"page","link":"https:\/\/www.medim.si\/?page_id=340","title":{"rendered":"O nas"},"content":{"rendered":"\n<h2 class=\"wp-block-heading has-vivid-cyan-blue-color has-text-color\">Zaposleni<\/h2>\n\n\n\n<p>Zdravnica <strong>Mojca Spori\u0161 Novak, <\/strong>dr. med., specialistka dru\u017einske medicine<br>Zdravnica <strong>Mihaela Justin, <\/strong>dr. med., specialistka dru\u017einske medicine<br>Zdravnica <strong>Milena Novak Medi\u010d<\/strong>, dr. med., specialistka splo\u0161ne medicine<\/p>\n\n\n\n<p>Medicinska sestra <strong>Gordana Lovri\u0107<\/strong>, diplomirana medicinska sestra<br>Medicinska sestra <strong>Ana Kemperle, <\/strong>diplomirana medicinska sestra<br>Medicinska sestra <strong>Manca Pintar<\/strong>, srednja medicinska sestra<\/p>\n\n\n\n<p>Medicinski sestri v referen\u010dni ambulanti: <strong>Eva Cerar<\/strong>, diplomirana medicinska sestra in <strong>Vesna Stanonik<\/strong>, diplomirana medicinska sestra<\/p>\n\n\n\n<h2 class=\"wp-block-heading has-vivid-cyan-blue-color has-text-color\">Kontakti<\/h2>\n\n\n\n<p><strong>Medim d.o.o.<\/strong><br>Ambulanta dru\u017einske medicine<br>Stara cesta 10, 4220 \u0160kofja Loka<\/p>\n\n\n\n<p><strong>Gospodar zdravja:<\/strong><br><a href=\"http:\/\/gospodar-zdravja.si\/reservation\/patients\/service_provider\/2658\/doctor\/10723\/404\" target=\"_blank\" rel=\"noreferrer noopener\">povezava na Gospodarja zdravja v Medimu<\/a><\/p>\n\n\n\n<p>Sestra v ambulanti Medim:<br>tel: <strong><em>04 \/ 51 11 717<\/em><\/strong><br><br>Sestra v referen\u010dni ambulanti:<br>tel: <strong><em>051 209 746<\/em><\/strong>  (le v del. \u010dasu referen\u010dne ambulante)<br><br>Elektronska po\u0161ta: <strong>medim@medim.si<\/strong><\/p>\n\n\n\n<p class=\"has-pale-cyan-blue-color has-text-color\">Opomba: na e-po\u0161tne naslove ne po\u0161iljajte osebnih podatkov. Seznanite se z <a href=\"https:\/\/www.medim.si\/?page_id=471\"><em><mark style=\"background-color:rgba(0, 0, 0, 0)\" class=\"has-inline-color has-vivid-cyan-blue-color\">varno izmenjavo podatkov<\/mark><\/em><\/a>.<\/p>\n\n\n\n<h2 class=\"wp-block-heading has-vivid-cyan-blue-color has-text-color\">Opredeljeni pacienti<\/h2>\n\n\n\n<p>\u0160tevilo glavarinskih koli\u010dnikov na tim na dan 1.2.2025:<br>&#8211; dr. Mojca Spori\u0161 Novak: 1.535<br>&#8211; dr. Mihaela Justin: 1.444<br><br><strong><em>V ambulanti ne sprejemamo novih pacientov.<\/em><\/strong><\/p>\n","protected":false},"excerpt":{"rendered":"<p>Zaposleni Zdravnica Mojca Spori\u0161 Novak, dr. med., specialistka dru\u017einske medicineZdravnica Mihaela Justin, dr. med., specialistka dru\u017einske medicineZdravnica Milena Novak Medi\u010d, dr. med., specialistka splo\u0161ne medicine Medicinska sestra Gordana Lovri\u0107, diplomirana medicinska sestraMedicinska sestra Ana Kemperle, diplomirana medicinska sestraMedicinska sestra Manca Pintar, srednja medicinska sestra Medicinski sestri v referen\u010dni ambulanti: Eva Cerar, diplomirana medicinska sestra in [&hellip;]<\/p>\n","protected":false},"author":2,"featured_media":0,"parent":0,"menu_order":50,"comment_status":"closed","ping_status":"closed","template":"","meta":{"footnotes":""},"class_list":["post-340","page","type-page","status-publish","hentry"],"_links":{"self":[{"href":"https:\/\/www.medim.si\/index.php?rest_route=\/wp\/v2\/pages\/340","targetHints":{"allow":["GET"]}}],"collection":[{"href":"https:\/\/www.medim.si\/index.php?rest_route=\/wp\/v2\/pages"}],"about":[{"href":"https:\/\/www.medim.si\/index.php?rest_route=\/wp\/v2\/types\/page"}],"author":[{"embeddable":true,"href":"https:\/\/www.medim.si\/index.php?rest_route=\/wp\/v2\/users\/2"}],"replies":[{"embeddable":true,"href":"https:\/\/www.medim.si\/index.php?rest_route=%2Fwp%2Fv2%2Fcomments&post=340"}],"version-history":[{"count":43,"href":"https:\/\/www.medim.si\/index.php?rest_route=\/wp\/v2\/pages\/340\/revisions"}],"predecessor-version":[{"id":2293,"href":"https:\/\/www.medim.si\/index.php?rest_route=\/wp\/v2\/pages\/340\/revisions\/2293"}],"wp:attachment":[{"href":"https:\/\/www.medim.si\/index.php?rest_route=%2Fwp%2Fv2%2Fmedia&parent=340"}],"curies":[{"name":"wp","href":"https:\/\/api.w.org\/{rel}","templated":true}]}}