{"id":471,"date":"2020-04-21T21:41:58","date_gmt":"2020-04-21T19:41:58","guid":{"rendered":"http:\/\/www.medim.si\/?page_id=471"},"modified":"2023-03-28T19:36:49","modified_gmt":"2023-03-28T17:36:49","slug":"varna-izmenjava-podatkov","status":"publish","type":"page","link":"https:\/\/www.medim.si\/?page_id=471","title":{"rendered":"Varna izmenjava podatkov"},"content":{"rendered":"\n<p>Zdravstveni podatki sodijo med ob\u010dutljive osebne podatke, ki smo jih izvajalci zdravstvenih storitev dol\u017eni varovati, varovati pa jih morate tudi pacienti sami.<\/p>\n\n\n\n<p>Klasi\u010dna elektronska po\u0161ta ne zagotavlja ustrezne varnosti za prenos izvidov in drugih zdravstvenih podatkov. Zdravnik vam jih zaradi varnostnih zadr\u017ekov ne sme poslati po elektronski po\u0161ti. Na\u010deloma velja, da so podatki, poslani po elektronski po\u0161ti, javno dostopni. ePosvet je funkcionalnost, ki omogo\u010da varno izmenjavo izvidov, drugih dokumentov in sporo\u010dil med vami in va\u0161im zdravnikom. Podatki so med prenosom ustrezno varovani.<\/p>\n\n\n\n<p>Tudi vam odsvetujemo, da z e-po\u0161to take podatke po\u0161iljate komurkoli, \u010deprav imate kot lastnik le teh do tega vso pravico.<\/p>\n\n\n\n<p>Za zagotavljanje ustrezne in varne izmenjave podatkov v Medimu uporabljamo storitve Gospodarja zdravja.<\/p>\n\n\n\n<p>\u010ce se v Gospodarja zdravja registrirate, ne bo potrebno ob vsakokratnem naro\u010dilu ponovno vpisovati vseh svojih podatkov. Registracija in uporaba sta brezpla\u010dni.<\/p>\n\n\n\n<p>Registrirani uporabniki imate poleg mo\u017enosti naro\u010danja na obisk in naro\u010danja receptov tudi mo\u017enost po\u0161iljanja sporo\u010dil (ePosvet) in vodenja osebnega zdravstvenega kartona. V osebnem zdravstvenem kartonu lahko hranite svoje izvide (specialistov, laboratorij &#8230;), osebne meritve (te\u017ea, tlak &#8230;) in druge podatke. Dovoljenje za dostop do osebnega zdravstvenega kartona lahko dodelite kateremukoli zdravniku, ki je registriran uporabnik (npr. va\u0161 osebni zdravnik) ali kateremukoli drugemu zdravniku z enkratnim varnim dostopom.<br>Aplikacija deluje na mobilnem telefonu, ra\u010dunalniku, tablici. Za varnostno preverjanje pa potrebujete Google Authenticator ali podobno aplikacijo.<\/p>\n\n\n\n<p>V kolikor bi \u017eeleli uporabljati raz\u0161irjeno storitev Gospodarja zdravja, lahko ve\u010d informacij o njej najdete s klikom na <a rel=\"noreferrer noopener\" href=\"http:\/\/www.gospodar-zdravja.si\/mobilna-izkaznica-zdravja\" target=\"_blank\">Gospodar zdravja &#8211; mobilna izkaznica zdravja<\/a>.<br>Medim d.o.o. ni lastnik storitve in nima finan\u010dnih koristi od nje. Vse morebitne zaplete pri njeni uporabi re\u0161uje podjetje Gospodar zdravja d.o.o.<\/p>\n","protected":false},"excerpt":{"rendered":"<p>Zdravstveni podatki sodijo med ob\u010dutljive osebne podatke, ki smo jih izvajalci zdravstvenih storitev dol\u017eni varovati, varovati pa jih morate tudi pacienti sami. Klasi\u010dna elektronska po\u0161ta ne zagotavlja ustrezne varnosti za prenos izvidov in drugih zdravstvenih podatkov. Zdravnik vam jih zaradi varnostnih zadr\u017ekov ne sme poslati po elektronski po\u0161ti. Na\u010deloma velja, da so podatki, poslani po [&hellip;]<\/p>\n","protected":false},"author":2,"featured_media":0,"parent":338,"menu_order":90,"comment_status":"closed","ping_status":"closed","template":"","meta":{"footnotes":""},"class_list":["post-471","page","type-page","status-publish","hentry"],"_links":{"self":[{"href":"https:\/\/www.medim.si\/index.php?rest_route=\/wp\/v2\/pages\/471","targetHints":{"allow":["GET"]}}],"collection":[{"href":"https:\/\/www.medim.si\/index.php?rest_route=\/wp\/v2\/pages"}],"about":[{"href":"https:\/\/www.medim.si\/index.php?rest_route=\/wp\/v2\/types\/page"}],"author":[{"embeddable":true,"href":"https:\/\/www.medim.si\/index.php?rest_route=\/wp\/v2\/users\/2"}],"replies":[{"embeddable":true,"href":"https:\/\/www.medim.si\/index.php?rest_route=%2Fwp%2Fv2%2Fcomments&post=471"}],"version-history":[{"count":3,"href":"https:\/\/www.medim.si\/index.php?rest_route=\/wp\/v2\/pages\/471\/revisions"}],"predecessor-version":[{"id":1609,"href":"https:\/\/www.medim.si\/index.php?rest_route=\/wp\/v2\/pages\/471\/revisions\/1609"}],"up":[{"embeddable":true,"href":"https:\/\/www.medim.si\/index.php?rest_route=\/wp\/v2\/pages\/338"}],"wp:attachment":[{"href":"https:\/\/www.medim.si\/index.php?rest_route=%2Fwp%2Fv2%2Fmedia&parent=471"}],"curies":[{"name":"wp","href":"https:\/\/api.w.org\/{rel}","templated":true}]}}