{"id":712,"date":"2021-01-12T23:01:56","date_gmt":"2021-01-12T21:01:56","guid":{"rendered":"https:\/\/www.medim.si\/?page_id=712"},"modified":"2025-11-17T16:23:33","modified_gmt":"2025-11-17T15:23:33","slug":"koristne-informacije","status":"publish","type":"page","link":"https:\/\/www.medim.si\/?page_id=712","title":{"rendered":"Koristne informacije"},"content":{"rendered":"\n<p><a href=\"https:\/\/www.medim.si\/wp-content\/uploads\/2025\/10\/Pacienti-bolniska.pdf\">Bolni\u0161ki stale\u017e in bolni\u0161ki list &#8211; informacije za paciente<\/a> (pripravili v Medimu)<\/p>\n\n\n\n<p><a href=\"https:\/\/www.medim.si\/wp-content\/uploads\/2025\/11\/ZZZS-Dodatna-pojasnila-Izdaja-eBOL-po-urah-1.docx\">Izdaja elektronskega bolni\u0161kega lista (eBOL) v kraj\u0161em ali polnem delovnem \u010dasu<\/a> (pojasnilo ZZZS)<\/p>\n\n\n\n<p><a href=\"https:\/\/www.medim.si\/wp-content\/uploads\/2025\/11\/ZZZS-Izjava-potovanje-k-izvajalcu_spremstvo.docx\">ZZZS Izjava &#8211; potovanje k izvajalcu_spremstvo<\/a><\/p>\n\n\n\n<p><a href=\"https:\/\/www.medim.si\/?page_id=1677\">Navodila za uporabo <strong>Gospodarja zdravja<\/strong><\/a><\/p>\n\n\n\n<p><a rel=\"noreferrer noopener\" href=\"https:\/\/www.medim.si\/?page_id=714\" target=\"_blank\"><strong>Portal zVEM<\/strong> ponuja varen dostop do storitev eZdravja<\/a><\/p>\n\n\n\n<p><a href=\"https:\/\/www.medim.si\/?page_id=714\"><\/a><a rel=\"noreferrer noopener\" href=\"https:\/\/narocanje.ezdrav.si\/\" target=\"_blank\">Naro\u010danje na zdravstveno storitev in pregled <strong>eNapotnice<\/strong><\/a><\/p>\n\n\n\n<p><a href=\"https:\/\/www.medim.si\/?page_id=847\">Krvni strdki v povezavi s cepljenjem<\/a><\/p>\n\n\n\n<p><a href=\"https:\/\/zavarovanec.zzzs.si\/e-storitve-zzzs\/status-zavarovanja\/\">Ali imate <strong>urejeno zdravstveno<\/strong> zavarovanje? Preverite z mobilnim telefonom ali na spletu!<\/a><\/p>\n\n\n\n<p><a href=\"https:\/\/www.medim.si\/?page_id=717\">Koristne <strong>telefonske \u0161tevilke<\/strong> in povezave<\/a><\/p>\n\n\n\n<p><a href=\"https:\/\/www.gov.si\/drzavni-organi\/ministrstva\/ministrstvo-za-zdravje\/\" target=\"_blank\" rel=\"noreferrer noopener\">Ministrstvo za zdravje<\/a><\/p>\n\n\n\n<p><a href=\"https:\/\/www.nijz.si\/\" target=\"_blank\" rel=\"noreferrer noopener\">Nacionalni in\u0161titut za javno zdravje<\/a><\/p>\n\n\n\n<p><a href=\"https:\/\/www.zzzs.si\" target=\"_blank\" rel=\"noreferrer noopener\">Zavod za zdravstveno zavarovanje Slovenije<\/a><\/p>\n\n\n\n<p><a href=\"https:\/\/www.gov.si\/teme\/pacientove-pravice\/\" target=\"_blank\" rel=\"noreferrer noopener\">Zastopnik pacientovih pravic<\/a><\/p>\n\n\n\n<p><\/p>\n","protected":false},"excerpt":{"rendered":"<p>Bolni\u0161ki stale\u017e in bolni\u0161ki list &#8211; informacije za paciente (pripravili v Medimu) Izdaja elektronskega bolni\u0161kega lista (eBOL) v kraj\u0161em ali polnem delovnem \u010dasu (pojasnilo ZZZS) ZZZS Izjava &#8211; potovanje k izvajalcu_spremstvo Navodila za uporabo Gospodarja zdravja Portal zVEM ponuja varen dostop do storitev eZdravja Naro\u010danje na zdravstveno storitev in pregled eNapotnice Krvni strdki v povezavi [&hellip;]<\/p>\n","protected":false},"author":2,"featured_media":0,"parent":0,"menu_order":60,"comment_status":"closed","ping_status":"closed","template":"","meta":{"footnotes":""},"class_list":["post-712","page","type-page","status-publish","hentry"],"_links":{"self":[{"href":"https:\/\/www.medim.si\/index.php?rest_route=\/wp\/v2\/pages\/712","targetHints":{"allow":["GET"]}}],"collection":[{"href":"https:\/\/www.medim.si\/index.php?rest_route=\/wp\/v2\/pages"}],"about":[{"href":"https:\/\/www.medim.si\/index.php?rest_route=\/wp\/v2\/types\/page"}],"author":[{"embeddable":true,"href":"https:\/\/www.medim.si\/index.php?rest_route=\/wp\/v2\/users\/2"}],"replies":[{"embeddable":true,"href":"https:\/\/www.medim.si\/index.php?rest_route=%2Fwp%2Fv2%2Fcomments&post=712"}],"version-history":[{"count":20,"href":"https:\/\/www.medim.si\/index.php?rest_route=\/wp\/v2\/pages\/712\/revisions"}],"predecessor-version":[{"id":2240,"href":"https:\/\/www.medim.si\/index.php?rest_route=\/wp\/v2\/pages\/712\/revisions\/2240"}],"wp:attachment":[{"href":"https:\/\/www.medim.si\/index.php?rest_route=%2Fwp%2Fv2%2Fmedia&parent=712"}],"curies":[{"name":"wp","href":"https:\/\/api.w.org\/{rel}","templated":true}]}}